{"id":44,"date":"2019-09-03T08:03:07","date_gmt":"2019-09-03T08:03:07","guid":{"rendered":"http:\/\/www.sportsenzafrontiere.tn.it\/?page_id=44"},"modified":"2019-09-03T08:03:07","modified_gmt":"2019-09-03T08:03:07","slug":"chi-siamo","status":"publish","type":"page","link":"https:\/\/www.sportsenzafrontiere.tn.it\/index.php\/chi-siamo\/","title":{"rendered":"Chi siamo"},"content":{"rendered":"\n<p>SSF\n \u2013 Sport Senza Frontiere Trentino APS \u00e8 un&#8217;associazione di promozione \nsociale che ha per scopo lo svolgimento di attivit\u00e0 dirette\n a promuovere l&#8217;innalzamento della qualit\u00e0 di vita attraverso lo sport. <\/p>\n\n\n\n<p>L&#8217;associazione\n intende intercettare le sfide sociali pi\u00f9 urgenti, operando in favore \ndi soggetti svantaggiati, in particolare nei confronti\n dei minori in condizione di disagio psicologico, sociale, economico, \nfisico e familiare, utilizzando la pratica sportiva come mezzo di \nintegrazione, inclusione e benessere psico-fisico. Nelle aree \ngeografiche dove l\u2019associazione ha sin ora mosso i propri interventi,\n ha rivolto la propria attenzione verso i minori frequentanti le scuole \nelementari e medie che nella maggior parte dei casi sono figli di \ngenitori stranieri (o di origine straniera), sovente inseriti in \nfamiglie monoreddito e che spesso versano in una condizione\n di difficolt\u00e0 socio-economica. <\/p>\n","protected":false},"excerpt":{"rendered":"<p>SSF \u2013 Sport Senza Frontiere Trentino APS \u00e8 un&#8217;associazione di promozione sociale che ha per scopo lo svolgimento di attivit\u00e0 dirette a promuovere l&#8217;innalzamento della qualit\u00e0 di vita attraverso lo sport. L&#8217;associazione intende intercettare le sfide sociali pi\u00f9&#8230; <a class=\"read-more\" href=\"https:\/\/www.sportsenzafrontiere.tn.it\/index.php\/chi-siamo\/\">Read More<\/a><\/p>\n","protected":false},"author":1,"featured_media":0,"parent":0,"menu_order":0,"comment_status":"closed","ping_status":"closed","template":"","meta":{"footnotes":""},"class_list":["post-44","page","type-page","status-publish","hentry","no-comments"],"_links":{"self":[{"href":"https:\/\/www.sportsenzafrontiere.tn.it\/index.php\/wp-json\/wp\/v2\/pages\/44","targetHints":{"allow":["GET"]}}],"collection":[{"href":"https:\/\/www.sportsenzafrontiere.tn.it\/index.php\/wp-json\/wp\/v2\/pages"}],"about":[{"href":"https:\/\/www.sportsenzafrontiere.tn.it\/index.php\/wp-json\/wp\/v2\/types\/page"}],"author":[{"embeddable":true,"href":"https:\/\/www.sportsenzafrontiere.tn.it\/index.php\/wp-json\/wp\/v2\/users\/1"}],"replies":[{"embeddable":true,"href":"https:\/\/www.sportsenzafrontiere.tn.it\/index.php\/wp-json\/wp\/v2\/comments?post=44"}],"version-history":[{"count":1,"href":"https:\/\/www.sportsenzafrontiere.tn.it\/index.php\/wp-json\/wp\/v2\/pages\/44\/revisions"}],"predecessor-version":[{"id":45,"href":"https:\/\/www.sportsenzafrontiere.tn.it\/index.php\/wp-json\/wp\/v2\/pages\/44\/revisions\/45"}],"wp:attachment":[{"href":"https:\/\/www.sportsenzafrontiere.tn.it\/index.php\/wp-json\/wp\/v2\/media?parent=44"}],"curies":[{"name":"wp","href":"https:\/\/api.w.org\/{rel}","templated":true}]}}